{"id":11258,"date":"2016-06-13T08:36:18","date_gmt":"2016-06-13T08:36:18","guid":{"rendered":"http:\/\/eco-press.cmsmasters.net\/?page_id=11258"},"modified":"2023-12-13T20:10:02","modified_gmt":"2023-12-13T20:10:02","slug":"news","status":"publish","type":"page","link":"https:\/\/galenica.cl\/english\/news\/","title":{"rendered":"News"},"content":{"rendered":"<div id=\"cmsmasters_row_60be30ec03\" class=\"cmsmasters_row cmsmasters_color_scheme_default cmsmasters_row_top_default cmsmasters_row_bot_default cmsmasters_row_boxed\">\n<div class=\"cmsmasters_row_outer_parent\">\n<div class=\"cmsmasters_row_outer\">\n<div class=\"cmsmasters_row_inner\">\n<div class=\"cmsmasters_row_margin\">\n<div id=\"cmsmasters_column_4a82db11df\" class=\"cmsmasters_column one_first\">\n<div class=\"cmsmasters_column_inner\"><div id=\"blog_2aa4190909\" class=\"cmsmasters_wrap_blog entry-summary\" data-layout=\"timeline\" data-layout-mode=\"\" data-url=\"https:\/\/galenica.cl\/english\/wp-content\/plugins\/cmsmasters-content-composer\/\" data-orderby=\"date\" data-order=\"DESC\" data-count=\"6\" data-categories=\"news\" data-metadata=\"date,likes,more\" data-pagination=\"more\"><div class=\"blog timeline\"><!-- Start Post Timeline Article -->\r\n<article id=\"post-16425\" class=\"cmsmasters_post_timeline post-16425 post type-post status-publish format-standard has-post-thumbnail hentry category-news\">\r\n\t<div class=\"cmsmasters_post_info entry-meta\"><span class=\"cmsmasters_post_date cmsmasters-icon-calendar-3\"><abbr class=\"published\" title=\"February 19, 2026\"><span class=\"cmsmasters_day\">19<\/span><span class=\"cmsmasters_mon\">Feb<\/span><span class=\"cmsmasters_year\">2026<\/span><\/abbr><abbr class=\"dn date updated\" title=\"February 19, 2026\">February 19, 2026<\/abbr><\/span><\/div>\t<div class=\"cmsmasters_timeline_margin\">\r\n\t\t<div class=\"cmsmasters_post_cont\">\r\n\t\t\t<figure class=\"cmsmasters_img_wrap\"><a href=\"https:\/\/galenica.cl\/english\/galenica-peru-obtuvo-el-importante-reconocimiento-premio-atellica-apertura-regional\/\" title=\"Galenica Per\u00fa obtuvo el importante reconocimiento &#8220;Premio Atellica apertura regional&#8221;\" class=\"cmsmasters_img_link preloader\"><img loading=\"lazy\" decoding=\"async\" width=\"352\" height=\"390\" src=\"https:\/\/galenica.cl\/english\/wp-content\/uploads\/2026\/02\/WhatsApp-Image-2026-02-19-at-08.41.11.jpeg\" class=\"full-width wp-post-image\" alt=\"Galenica Per\u00fa obtuvo el importante reconocimiento &#8220;Premio Atellica apertura regional&#8221;\" title=\"WhatsApp Image 2026-02-19 at 08.41.11\" srcset=\"https:\/\/galenica.cl\/english\/wp-content\/uploads\/2026\/02\/WhatsApp-Image-2026-02-19-at-08.41.11.jpeg 352w, https:\/\/galenica.cl\/english\/wp-content\/uploads\/2026\/02\/WhatsApp-Image-2026-02-19-at-08.41.11-271x300.jpeg 271w\" sizes=\"auto, (max-width: 352px) 100vw, 352px\" \/><\/a><\/figure><header class=\"cmsmasters_post_header entry-header\"><h4 class=\"cmsmasters_post_title entry-title\"><a href=\"https:\/\/galenica.cl\/english\/galenica-peru-obtuvo-el-importante-reconocimiento-premio-atellica-apertura-regional\/\">Galenica Per\u00fa obtuvo el importante reconocimiento &#8220;Premio Atellica apertura regional&#8221;<\/a><\/h4><\/header><div class=\"cmsmasters_post_content entry-content\">\n<p>En la \u00faltima reuni\u00f3n de distribuidores de Siemens realizada en Febrero del 2026, Galenica Per\u00fa obtuvo el importante reconocimiento &#8220;Premio...<\/p>\n<\/div>\n<a class=\"cmsmasters_post_read_more\" href=\"https:\/\/galenica.cl\/english\/galenica-peru-obtuvo-el-importante-reconocimiento-premio-atellica-apertura-regional\/\">Read More<\/a><footer class=\"cmsmasters_post_footer entry-meta\"><div class=\"cmsmasters_post_footer_meta_info entry-meta\"><span class=\"cmsmasters_likes cmsmasters_post_likes\"><a href=\"#\" onclick=\"cmsmastersLike(16425, false); return false;\" id=\"cmsmastersLike-16425\" class=\"cmsmastersLike cmsmasters_theme_icon_like\"><span>0 <\/span><\/a><\/span><\/div><\/footer>\t\t<\/div>\r\n\t<\/div>\r\n<\/article>\r\n<!-- Finish Post Timeline Article -->\r\n\r\n<!-- Start Post Timeline Article -->\r\n<article id=\"post-16418\" class=\"cmsmasters_post_timeline post-16418 post type-post status-publish format-standard has-post-thumbnail hentry category-news\">\r\n\t<div class=\"cmsmasters_post_info entry-meta\"><span class=\"cmsmasters_post_date cmsmasters-icon-calendar-3\"><abbr class=\"published\" title=\"December 11, 2025\"><span class=\"cmsmasters_day\">11<\/span><span class=\"cmsmasters_mon\">Dec<\/span><span class=\"cmsmasters_year\">2025<\/span><\/abbr><abbr class=\"dn date updated\" title=\"December 11, 2025\">December 11, 2025<\/abbr><\/span><\/div>\t<div class=\"cmsmasters_timeline_margin\">\r\n\t\t<div class=\"cmsmasters_post_cont\">\r\n\t\t\t<figure class=\"cmsmasters_img_wrap\"><a href=\"https:\/\/galenica.cl\/english\/campana-de-capacitacion-de-alfabetizacion-digital-para-personas-mayores-junto-a-la-fundacion-monte-sinai\/\" title=\"Campa\u00f1a de\u00a0\u201cCapacitaci\u00f3n de alfabetizaci\u00f3n digital para personas mayores&#8221; junto a la fundaci\u00f3n Monte Sina\u00ed\" class=\"cmsmasters_img_link preloader\"><img loading=\"lazy\" decoding=\"async\" width=\"662\" height=\"415\" src=\"https:\/\/galenica.cl\/english\/wp-content\/uploads\/2025\/12\/image002.png\" class=\"full-width wp-post-image\" alt=\"Campa\u00f1a de\u00a0\u201cCapacitaci\u00f3n de alfabetizaci\u00f3n digital para personas mayores&#8221; junto a la fundaci\u00f3n Monte Sina\u00ed\" title=\"image002\" srcset=\"https:\/\/galenica.cl\/english\/wp-content\/uploads\/2025\/12\/image002.png 662w, https:\/\/galenica.cl\/english\/wp-content\/uploads\/2025\/12\/image002-300x188.png 300w, https:\/\/galenica.cl\/english\/wp-content\/uploads\/2025\/12\/image002-580x364.png 580w, https:\/\/galenica.cl\/english\/wp-content\/uploads\/2025\/12\/image002-600x376.png 600w\" sizes=\"auto, (max-width: 662px) 100vw, 662px\" \/><\/a><\/figure><header class=\"cmsmasters_post_header entry-header\"><h4 class=\"cmsmasters_post_title entry-title\"><a href=\"https:\/\/galenica.cl\/english\/campana-de-capacitacion-de-alfabetizacion-digital-para-personas-mayores-junto-a-la-fundacion-monte-sinai\/\">Campa\u00f1a de\u00a0\u201cCapacitaci\u00f3n de alfabetizaci\u00f3n digital para personas mayores&#8221; junto a la fundaci\u00f3n Monte Sina\u00ed<\/a><\/h4><\/header><div class=\"cmsmasters_post_content entry-content\">\n<p>Agradecidos y orgullosos de poder participar junto a la fundaci\u00f3n Monte Sina\u00ed, en la campa\u00f1a de&nbsp;\u201cCapacitaci\u00f3n de alfabetizaci\u00f3n digital para...<\/p>\n<\/div>\n<a class=\"cmsmasters_post_read_more\" href=\"https:\/\/galenica.cl\/english\/campana-de-capacitacion-de-alfabetizacion-digital-para-personas-mayores-junto-a-la-fundacion-monte-sinai\/\">Read More<\/a><footer class=\"cmsmasters_post_footer entry-meta\"><div class=\"cmsmasters_post_footer_meta_info entry-meta\"><span class=\"cmsmasters_likes cmsmasters_post_likes\"><a href=\"#\" onclick=\"cmsmastersLike(16418, false); return false;\" id=\"cmsmastersLike-16418\" class=\"cmsmastersLike cmsmasters_theme_icon_like\"><span>0 <\/span><\/a><\/span><\/div><\/footer>\t\t<\/div>\r\n\t<\/div>\r\n<\/article>\r\n<!-- Finish Post Timeline Article -->\r\n\r\n<!-- Start Post Timeline Article -->\r\n<article id=\"post-16410\" class=\"cmsmasters_post_timeline post-16410 post type-post status-publish format-standard has-post-thumbnail hentry category-news\">\r\n\t<div class=\"cmsmasters_post_info entry-meta\"><span class=\"cmsmasters_post_date cmsmasters-icon-calendar-3\"><abbr class=\"published\" title=\"October 16, 2025\"><span class=\"cmsmasters_day\">16<\/span><span class=\"cmsmasters_mon\">Oct<\/span><span class=\"cmsmasters_year\">2025<\/span><\/abbr><abbr class=\"dn date updated\" title=\"October 23, 2025\">October 23, 2025<\/abbr><\/span><\/div>\t<div class=\"cmsmasters_timeline_margin\">\r\n\t\t<div class=\"cmsmasters_post_cont\">\r\n\t\t\t<figure class=\"cmsmasters_img_wrap\"><a href=\"https:\/\/galenica.cl\/english\/jornada-de-calidad-analitica-y-tecnologia-en-laboratorios-clinicos-chiloe-2025\/\" title=\"Jornada de Calidad Anal\u00edtica y Tecnolog\u00eda en Laboratorios Cl\u00ednicos \u2013 Chilo\u00e9 2025\" class=\"cmsmasters_img_link preloader\"><img loading=\"lazy\" decoding=\"async\" width=\"860\" height=\"462\" src=\"https:\/\/galenica.cl\/english\/wp-content\/uploads\/2025\/10\/foto-1-860x462.jpg\" class=\"full-width wp-post-image\" alt=\"Jornada de Calidad Anal\u00edtica y Tecnolog\u00eda en Laboratorios Cl\u00ednicos \u2013 Chilo\u00e9 2025\" title=\"foto 1\" \/><\/a><\/figure><header class=\"cmsmasters_post_header entry-header\"><h4 class=\"cmsmasters_post_title entry-title\"><a href=\"https:\/\/galenica.cl\/english\/jornada-de-calidad-analitica-y-tecnologia-en-laboratorios-clinicos-chiloe-2025\/\">Jornada de Calidad Anal\u00edtica y Tecnolog\u00eda en Laboratorios Cl\u00ednicos \u2013 Chilo\u00e9 2025<\/a><\/h4><\/header><div class=\"cmsmasters_post_content entry-content\">\n<p>El pasado&nbsp;30 de septiembre de 2025, el&nbsp;Servicio de Salud Chilo\u00e9, en conjunto con el&nbsp;Hospital de Castro&nbsp;y&nbsp;Galenica S.A., desarrollaron una&nbsp;jornada de...<\/p>\n<\/div>\n<a class=\"cmsmasters_post_read_more\" href=\"https:\/\/galenica.cl\/english\/jornada-de-calidad-analitica-y-tecnologia-en-laboratorios-clinicos-chiloe-2025\/\">Read More<\/a><footer class=\"cmsmasters_post_footer entry-meta\"><div class=\"cmsmasters_post_footer_meta_info entry-meta\"><span class=\"cmsmasters_likes cmsmasters_post_likes\"><a href=\"#\" onclick=\"cmsmastersLike(16410, false); return false;\" id=\"cmsmastersLike-16410\" class=\"cmsmastersLike cmsmasters_theme_icon_like\"><span>0 <\/span><\/a><\/span><\/div><\/footer>\t\t<\/div>\r\n\t<\/div>\r\n<\/article>\r\n<!-- Finish Post Timeline Article -->\r\n\r\n<!-- Start Post Timeline Article -->\r\n<article id=\"post-16402\" class=\"cmsmasters_post_timeline post-16402 post type-post status-publish format-standard has-post-thumbnail hentry category-news\">\r\n\t<div class=\"cmsmasters_post_info entry-meta\"><span class=\"cmsmasters_post_date cmsmasters-icon-calendar-3\"><abbr class=\"published\" title=\"October 13, 2025\"><span class=\"cmsmasters_day\">13<\/span><span class=\"cmsmasters_mon\">Oct<\/span><span class=\"cmsmasters_year\">2025<\/span><\/abbr><abbr class=\"dn date updated\" title=\"October 23, 2025\">October 23, 2025<\/abbr><\/span><\/div>\t<div class=\"cmsmasters_timeline_margin\">\r\n\t\t<div class=\"cmsmasters_post_cont\">\r\n\t\t\t<figure class=\"cmsmasters_img_wrap\"><a href=\"https:\/\/galenica.cl\/english\/jornada-de-calidad-analitica-y-tecnologia-en-laboratorios-clinicos-y-banco-de-sangre\/\" title=\"Jornada de Calidad Anal\u00edtica y Tecnolog\u00eda en Laboratorios Cl\u00ednicos y Banco de Sangre\" class=\"cmsmasters_img_link preloader\"><img loading=\"lazy\" decoding=\"async\" width=\"640\" height=\"481\" src=\"https:\/\/galenica.cl\/english\/wp-content\/uploads\/2025\/10\/thumbnail_image0.jpg\" class=\"full-width wp-post-image\" alt=\"Jornada de Calidad Anal\u00edtica y Tecnolog\u00eda en Laboratorios Cl\u00ednicos y Banco de Sangre\" title=\"thumbnail_image0\" srcset=\"https:\/\/galenica.cl\/english\/wp-content\/uploads\/2025\/10\/thumbnail_image0.jpg 640w, https:\/\/galenica.cl\/english\/wp-content\/uploads\/2025\/10\/thumbnail_image0-300x225.jpg 300w, https:\/\/galenica.cl\/english\/wp-content\/uploads\/2025\/10\/thumbnail_image0-580x436.jpg 580w, https:\/\/galenica.cl\/english\/wp-content\/uploads\/2025\/10\/thumbnail_image0-600x451.jpg 600w\" sizes=\"auto, (max-width: 640px) 100vw, 640px\" \/><\/a><\/figure><header class=\"cmsmasters_post_header entry-header\"><h4 class=\"cmsmasters_post_title entry-title\"><a href=\"https:\/\/galenica.cl\/english\/jornada-de-calidad-analitica-y-tecnologia-en-laboratorios-clinicos-y-banco-de-sangre\/\">Jornada de Calidad Anal\u00edtica y Tecnolog\u00eda en Laboratorios Cl\u00ednicos y Banco de Sangre<\/a><\/h4><\/header><div class=\"cmsmasters_post_content entry-content\">\n<p>El pasado&nbsp;6 de octubre de 2025, junto a la&nbsp;Universidad Santo Tom\u00e1s, sede Iquique, llevamos a cabo la&nbsp;Jornada de Calidad Anal\u00edtica...<\/p>\n<\/div>\n<a class=\"cmsmasters_post_read_more\" href=\"https:\/\/galenica.cl\/english\/jornada-de-calidad-analitica-y-tecnologia-en-laboratorios-clinicos-y-banco-de-sangre\/\">Read More<\/a><footer class=\"cmsmasters_post_footer entry-meta\"><div class=\"cmsmasters_post_footer_meta_info entry-meta\"><span class=\"cmsmasters_likes cmsmasters_post_likes\"><a href=\"#\" onclick=\"cmsmastersLike(16402, false); return false;\" id=\"cmsmastersLike-16402\" class=\"cmsmastersLike cmsmasters_theme_icon_like\"><span>0 <\/span><\/a><\/span><\/div><\/footer>\t\t<\/div>\r\n\t<\/div>\r\n<\/article>\r\n<!-- Finish Post Timeline Article -->\r\n\r\n<!-- Start Post Timeline Article -->\r\n<article id=\"post-16395\" class=\"cmsmasters_post_timeline post-16395 post type-post status-publish format-standard has-post-thumbnail hentry category-news\">\r\n\t<div class=\"cmsmasters_post_info entry-meta\"><span class=\"cmsmasters_post_date cmsmasters-icon-calendar-3\"><abbr class=\"published\" title=\"August 21, 2025\"><span class=\"cmsmasters_day\">21<\/span><span class=\"cmsmasters_mon\">Aug<\/span><span class=\"cmsmasters_year\">2025<\/span><\/abbr><abbr class=\"dn date updated\" title=\"October 23, 2025\">October 23, 2025<\/abbr><\/span><\/div>\t<div class=\"cmsmasters_timeline_margin\">\r\n\t\t<div class=\"cmsmasters_post_cont\">\r\n\t\t\t<figure class=\"cmsmasters_img_wrap\"><a href=\"https:\/\/galenica.cl\/english\/galenica-presente-en-tecfood-2025\/\" title=\"Gal\u00e9nica presente en TECFOOD 2025\" class=\"cmsmasters_img_link preloader\"><img loading=\"lazy\" decoding=\"async\" width=\"860\" height=\"500\" src=\"https:\/\/galenica.cl\/english\/wp-content\/uploads\/2025\/08\/galenica-860x500.jpg\" class=\"full-width wp-post-image\" alt=\"Gal\u00e9nica presente en TECFOOD 2025\" title=\"galenica\" \/><\/a><\/figure><header class=\"cmsmasters_post_header entry-header\"><h4 class=\"cmsmasters_post_title entry-title\"><a href=\"https:\/\/galenica.cl\/english\/galenica-presente-en-tecfood-2025\/\">Gal\u00e9nica presente en TECFOOD 2025<\/a><\/h4><\/header><div class=\"cmsmasters_post_content entry-content\">\n<p>El pasado&nbsp;6 de agosto de 2025, Gal\u00e9nica particip\u00f3 con su stand en una nueva versi\u00f3n de&nbsp;TECFOOD, evento de referencia para...<\/p>\n<\/div>\n<a class=\"cmsmasters_post_read_more\" href=\"https:\/\/galenica.cl\/english\/galenica-presente-en-tecfood-2025\/\">Read More<\/a><footer class=\"cmsmasters_post_footer entry-meta\"><div class=\"cmsmasters_post_footer_meta_info entry-meta\"><span class=\"cmsmasters_likes cmsmasters_post_likes\"><a href=\"#\" onclick=\"cmsmastersLike(16395, false); return false;\" id=\"cmsmastersLike-16395\" class=\"cmsmastersLike cmsmasters_theme_icon_like\"><span>0 <\/span><\/a><\/span><\/div><\/footer>\t\t<\/div>\r\n\t<\/div>\r\n<\/article>\r\n<!-- Finish Post Timeline Article -->\r\n\r\n<!-- Start Post Timeline Article -->\r\n<article id=\"post-16385\" class=\"cmsmasters_post_timeline post-16385 post type-post status-publish format-standard has-post-thumbnail hentry category-news\">\r\n\t<div class=\"cmsmasters_post_info entry-meta\"><span class=\"cmsmasters_post_date cmsmasters-icon-calendar-3\"><abbr class=\"published\" title=\"August 8, 2025\"><span class=\"cmsmasters_day\">08<\/span><span class=\"cmsmasters_mon\">Aug<\/span><span class=\"cmsmasters_year\">2025<\/span><\/abbr><abbr class=\"dn date updated\" title=\"August 14, 2025\">August 14, 2025<\/abbr><\/span><\/div>\t<div class=\"cmsmasters_timeline_margin\">\r\n\t\t<div class=\"cmsmasters_post_cont\">\r\n\t\t\t<figure class=\"cmsmasters_img_wrap\"><a href=\"https:\/\/galenica.cl\/english\/jornada-multirregional-de-actualizacion-en-control-de-calidad-y-acreditacion-nacional\/\" title=\"Jornada Multirregional de Actualizaci\u00f3n en Control de Calidad y Acreditaci\u00f3n Nacional\" class=\"cmsmasters_img_link preloader\"><img loading=\"lazy\" decoding=\"async\" width=\"860\" height=\"500\" src=\"https:\/\/galenica.cl\/english\/wp-content\/uploads\/2025\/08\/WhatsApp-Image-2025-08-07-at-08.12.10-860x500.jpeg\" class=\"full-width wp-post-image\" alt=\"Jornada Multirregional de Actualizaci\u00f3n en Control de Calidad y Acreditaci\u00f3n Nacional\" title=\"WhatsApp Image 2025-08-07 at 08.12.10\" \/><\/a><\/figure><header class=\"cmsmasters_post_header entry-header\"><h4 class=\"cmsmasters_post_title entry-title\"><a href=\"https:\/\/galenica.cl\/english\/jornada-multirregional-de-actualizacion-en-control-de-calidad-y-acreditacion-nacional\/\">Jornada Multirregional de Actualizaci\u00f3n en Control de Calidad y Acreditaci\u00f3n Nacional<\/a><\/h4><\/header><div class=\"cmsmasters_post_content entry-content\">\n<p>El pasado&nbsp;5 de agosto de 2025, Hospital Herminda Martin, en conjunto con Galenica, llev\u00f3 a cabo una exitosa jornada de...<\/p>\n<\/div>\n<a class=\"cmsmasters_post_read_more\" href=\"https:\/\/galenica.cl\/english\/jornada-multirregional-de-actualizacion-en-control-de-calidad-y-acreditacion-nacional\/\">Read More<\/a><footer class=\"cmsmasters_post_footer entry-meta\"><div class=\"cmsmasters_post_footer_meta_info entry-meta\"><span class=\"cmsmasters_likes cmsmasters_post_likes\"><a href=\"#\" onclick=\"cmsmastersLike(16385, false); return false;\" id=\"cmsmastersLike-16385\" class=\"cmsmastersLike cmsmasters_theme_icon_like\"><span>0 <\/span><\/a><\/span><\/div><\/footer>\t\t<\/div>\r\n\t<\/div>\r\n<\/article>\r\n<!-- Finish Post Timeline Article -->\r\n\r\n<\/div><div class=\"cmsmasters_wrap_more_posts cmsmasters_wrap_more_items\"><div class=\"cmsmasters_wrap_post_loader cmsmasters_wrap_items_loader\">\r\n\t\t\t\t<a href=\"javascript:void(0)\" class=\"cmsmasters_button cmsmasters_post_loader cmsmasters_items_loader\">\r\n\t\t\t\t\t<span>Load More<\/span>\r\n\t\t\t\t<\/a>\r\n\t\t\t<\/div><\/div><\/div>\n<\/div><\/div>\n<\/div>\n<\/div>\n<\/div>\n<\/div>\n<\/div>\n\n","protected":false},"excerpt":{"rendered":"","protected":false},"author":1,"featured_media":0,"parent":0,"menu_order":0,"comment_status":"closed","ping_status":"closed","template":"","meta":{"content-type":"","footnotes":""},"class_list":["post-11258","page","type-page","status-publish","hentry"],"_links":{"self":[{"href":"https:\/\/galenica.cl\/english\/wp-json\/wp\/v2\/pages\/11258","targetHints":{"allow":["GET"]}}],"collection":[{"href":"https:\/\/galenica.cl\/english\/wp-json\/wp\/v2\/pages"}],"about":[{"href":"https:\/\/galenica.cl\/english\/wp-json\/wp\/v2\/types\/page"}],"author":[{"embeddable":true,"href":"https:\/\/galenica.cl\/english\/wp-json\/wp\/v2\/users\/1"}],"replies":[{"embeddable":true,"href":"https:\/\/galenica.cl\/english\/wp-json\/wp\/v2\/comments?post=11258"}],"version-history":[{"count":24,"href":"https:\/\/galenica.cl\/english\/wp-json\/wp\/v2\/pages\/11258\/revisions"}],"predecessor-version":[{"id":15942,"href":"https:\/\/galenica.cl\/english\/wp-json\/wp\/v2\/pages\/11258\/revisions\/15942"}],"wp:attachment":[{"href":"https:\/\/galenica.cl\/english\/wp-json\/wp\/v2\/media?parent=11258"}],"curies":[{"name":"wp","href":"https:\/\/api.w.org\/{rel}","templated":true}]}}