{"id":16168,"date":"2024-01-10T16:21:29","date_gmt":"2024-01-10T16:21:29","guid":{"rendered":"https:\/\/galenica.cl\/english\/?page_id=16168"},"modified":"2024-01-10T16:21:29","modified_gmt":"2024-01-10T16:21:29","slug":"terms-and-conditions","status":"publish","type":"page","link":"https:\/\/galenica.cl\/english\/terms-and-conditions\/","title":{"rendered":"Terms and conditions"},"content":{"rendered":"<div id=\"cmsmasters_row_7f84ee2983\" class=\"cmsmasters_row cmsmasters_color_scheme_default cmsmasters_row_top_default cmsmasters_row_bot_default cmsmasters_row_boxed\">\n<div class=\"cmsmasters_row_outer_parent\">\n<div class=\"cmsmasters_row_outer\">\n<div class=\"cmsmasters_row_inner\">\n<div class=\"cmsmasters_row_margin\">\n<div id=\"cmsmasters_column_4b86539781\" class=\"cmsmasters_column one_first\">\n<div class=\"cmsmasters_column_inner\"><div id=\"cmsmasters_heading_8609248174\" class=\"cmsmasters_heading_wrap cmsmasters_heading_align_left\">\n\t<h2 class=\"cmsmasters_heading\">Terms and conditions<\/h2>\n<\/div><div class=\"cmsmasters_text\">\n<p style=\"text-align: justify;\">Bienvenido a Galenica. Estos t\u00e9rminos y condiciones describen las reglas y regulaciones para el uso del sitio web Galenica.<\/p>\n<p style=\"text-align: justify;\"><strong>Galenica se encuentra en Av. Apoquindo 6314, Piso 2, Las Condes.<\/strong><\/p>\n<p style=\"text-align: justify;\">Al acceder a este sitio web, asumimos que aceptas estos t\u00e9rminos y condiciones en su totalidad. No contin\u00faes usando el sitio web Galenica si no aceptas todos los t\u00e9rminos y condiciones establecidos en esta p\u00e1gina.<\/p>\n<p style=\"text-align: justify;\">La siguiente terminolog\u00eda se aplica a estos T\u00e9rminos y Condiciones, Declaraci\u00f3n de Privacidad y Aviso legal y cualquiera o todos los Acuerdos: el\u00a0<strong>Cliente<\/strong>,\u00a0<strong>Usted<\/strong>\u00a0y\u00a0<strong>Su<\/strong>\u00a0se refieren a usted, la persona que accede a este sitio web y acepta los t\u00e9rminos y condiciones de la Compa\u00f1\u00eda. La\u00a0<strong>Compa\u00f1\u00eda, Nosotros mismos, Nosotros y Nuestro<\/strong>, se refiere a nuestra Compa\u00f1\u00eda.\u00a0<strong>Parte, Partes o Nosotros<\/strong>, se refiere en conjunto al Cliente y a nosotros mismos, o al Cliente o a nosotros mismos.<\/p>\n<p style=\"text-align: justify;\">Todos los t\u00e9rminos se refieren a la oferta, aceptaci\u00f3n y consideraci\u00f3n del pago necesario para efectuar el proceso de nuestra asistencia al Cliente de la manera m\u00e1s adecuada, ya sea mediante reuniones formales de una duraci\u00f3n fija, o por cualquier otro medio, con el prop\u00f3sito expreso de conocer las necesidades del Cliente con respecto a la provisi\u00f3n de los servicios\/productos declarados de la Compa\u00f1\u00eda, de acuerdo con y sujeto a la ley vigente de (Direcci\u00f3n).<\/p>\n<p style=\"text-align: justify;\">Cualquier uso de la terminolog\u00eda anterior u otras palabras en singular, plural, may\u00fasculas y\/o, \u00e9l\/ella o ellos, se consideran intercambiables y, por lo tanto, se refieren a lo mismo.<\/p>\n<p style=\"text-align: justify;\"><strong>Cookies<\/strong><\/p>\n<p style=\"text-align: justify;\">Empleamos el uso de cookies. Al utilizar el sitio web de\u00a0<strong>Galenica<\/strong>, usted acepta el uso de cookies de acuerdo con la pol\u00edtica de privacidad de\u00a0<strong>Galenica<\/strong>. La mayor\u00eda de los modernos sitios web interactivos de hoy en d\u00eda usan cookies para permitirnos recuperar los detalles del usuario para cada visita.<\/p>\n<p style=\"text-align: justify;\">Las cookies se utilizan en algunas \u00e1reas de nuestro sitio para habilitar la funcionalidad de esta \u00e1rea y la facilidad de uso para las personas que lo visitan. Algunos de nuestros socios afiliados\/publicitarios tambi\u00e9n pueden usar cookies.<\/p>\n<p style=\"text-align: justify;\"><strong>Licencia<\/strong><\/p>\n<p style=\"text-align: justify;\">A menos que se indique lo contrario,\u00a0<strong>Galenica<\/strong>\u00a0y\/o sus licenciatarios les pertenecen los derechos de propiedad intelectual de todo el material en\u00a0<strong>Galenica<\/strong>.<\/p>\n<p style=\"text-align: justify;\">Todos los derechos de propiedad intelectual est\u00e1n reservados. Puedes ver y\/o imprimir p\u00e1ginas desde (Agrega URL) para tu uso personal sujeto a las restricciones establecidas en estos t\u00e9rminos y condiciones.<\/p>\n<p style=\"text-align: justify;\">No debes:<\/p>\n<ul style=\"text-align: justify;\">\n<li>Volver a publicar material desde www.galenica.cl.<\/li>\n<li>Vender, alquilar u otorgar una sub-licencia de material desde www.galenica.cl<\/li>\n<li>Reproducir, duplicar o copiar material desde www.galenica.cl<\/li>\n<li>Redistribuir contenido de\u00a0<strong>Galenica<\/strong>, a menos de que el contenido se haga espec\u00edficamente para la redistribuci\u00f3n.<\/li>\n<\/ul>\n<p style=\"text-align: justify;\"><strong>Aviso legal<\/strong><\/p>\n<p style=\"text-align: justify;\">En la medida m\u00e1xima permitida por la ley aplicable, excluimos todas las representaciones, garant\u00edas y condiciones relacionadas con nuestro sitio web y el uso de este sitio web (incluyendo, sin limitaci\u00f3n, cualquier garant\u00eda impl\u00edcita por la ley con respecto a la calidad satisfactoria, idoneidad para el prop\u00f3sito y\/o el uso de cuidado y habilidad razonables).<\/p>\n<p style=\"text-align: justify;\">Nada en este aviso legal:<\/p>\n<ul style=\"text-align: justify;\">\n<li>Limita o excluye nuestra o su responsabilidad por muerte o lesiones personales resultantes de negligencia.<\/li>\n<li>Limita o excluye nuestra o su responsabilidad por fraude o tergiversaci\u00f3n fraudulenta.<\/li>\n<li>Limita cualquiera de nuestras o sus responsabilidades de cualquier manera que no est\u00e9 permitida por la ley aplicable.<\/li>\n<li>Excluye cualquiera de nuestras o sus responsabilidades que no pueden ser excluidas bajo la ley aplicable.<\/li>\n<\/ul>\n<p style=\"text-align: justify;\">Las limitaciones y exclusiones de responsabilidad establecidas en esta Secci\u00f3n y en otras partes de este aviso legal:<\/p>\n<ol style=\"text-align: justify;\">\n<li>est\u00e1n sujetas al p\u00e1rrafo anterior; y<\/li>\n<li>rigen todas las responsabilidades que surjan bajo la exenci\u00f3n de responsabilidad o en relaci\u00f3n con el objeto de esta exenci\u00f3n de responsabilidad, incluidas las responsabilidades que surjan en contrato, agravio (incluyendo negligencia) y por incumplimiento del deber legal.<\/li>\n<\/ol>\n<p style=\"text-align: justify;\">En la medida en que el sitio web y la informaci\u00f3n y los servicios en el sitio web se proporcionen de forma gratuita, no seremos responsables de ninguna p\u00e9rdida o da\u00f1o de ning\u00fan tipo.<\/p>\n<\/div>\n<\/div><\/div>\n<\/div>\n<\/div>\n<\/div>\n<\/div>\n<\/div>\n\n","protected":false},"excerpt":{"rendered":"","protected":false},"author":1,"featured_media":0,"parent":0,"menu_order":0,"comment_status":"closed","ping_status":"closed","template":"","meta":{"content-type":"","footnotes":""},"class_list":["post-16168","page","type-page","status-publish","hentry"],"_links":{"self":[{"href":"https:\/\/galenica.cl\/english\/wp-json\/wp\/v2\/pages\/16168","targetHints":{"allow":["GET"]}}],"collection":[{"href":"https:\/\/galenica.cl\/english\/wp-json\/wp\/v2\/pages"}],"about":[{"href":"https:\/\/galenica.cl\/english\/wp-json\/wp\/v2\/types\/page"}],"author":[{"embeddable":true,"href":"https:\/\/galenica.cl\/english\/wp-json\/wp\/v2\/users\/1"}],"replies":[{"embeddable":true,"href":"https:\/\/galenica.cl\/english\/wp-json\/wp\/v2\/comments?post=16168"}],"version-history":[{"count":2,"href":"https:\/\/galenica.cl\/english\/wp-json\/wp\/v2\/pages\/16168\/revisions"}],"predecessor-version":[{"id":16170,"href":"https:\/\/galenica.cl\/english\/wp-json\/wp\/v2\/pages\/16168\/revisions\/16170"}],"wp:attachment":[{"href":"https:\/\/galenica.cl\/english\/wp-json\/wp\/v2\/media?parent=16168"}],"curies":[{"name":"wp","href":"https:\/\/api.w.org\/{rel}","templated":true}]}}